{"id":15,"date":"2019-12-23T18:16:20","date_gmt":"2019-12-23T18:16:20","guid":{"rendered":"http:\/\/wp.sandsdalen.net\/multi-utleie\/?page_id=15"},"modified":"2026-04-13T09:15:37","modified_gmt":"2026-04-13T08:15:37","slug":"home","status":"publish","type":"page","link":"https:\/\/www.multi-utleie.no\/","title":{"rendered":"Hjem"},"content":{"rendered":"\n<p><strong>multi-utleie.no driver stillasutleie i Troms\u00f8. <br>Stillasen er ferdig stablet p\u00e5 henger, og veldig enkel og sette opp.<\/strong><\/p>\n\n\n\n<figure class=\"wp-block-image size-large\"><img loading=\"lazy\" decoding=\"async\" width=\"1024\" height=\"667\" src=\"http:\/\/int-multi-utleie.sandsdalen.net\/wp-content\/uploads\/2019\/12\/cropped-stillas-2-1024x667.jpg\" alt=\"\" class=\"wp-image-45\" srcset=\"https:\/\/www.multi-utleie.no\/wp-content\/uploads\/2019\/12\/cropped-stillas-2-1024x667.jpg 1024w, https:\/\/www.multi-utleie.no\/wp-content\/uploads\/2019\/12\/cropped-stillas-2-300x195.jpg 300w, https:\/\/www.multi-utleie.no\/wp-content\/uploads\/2019\/12\/cropped-stillas-2-768x500.jpg 768w, https:\/\/www.multi-utleie.no\/wp-content\/uploads\/2019\/12\/cropped-stillas-2-1536x1000.jpg 1536w, https:\/\/www.multi-utleie.no\/wp-content\/uploads\/2019\/12\/cropped-stillas-2.jpg 2000w\" sizes=\"(max-width: 1024px) 100vw, 1024px\" \/><\/figure>\n\n\n\n<p>Skal du jobbe i h\u00f8yden? Male huset, skifte vinduer eller takrenner?<br>&#8211; unng\u00e5 risikoen for \u00e5 falle ned av stigen og lei en superenkel <strong>stillas<\/strong>.<\/p>\n\n\n<div class=\"wp-block-image is-style-default\">\n<figure class=\"aligncenter size-large is-resized\"><img loading=\"lazy\" decoding=\"async\" width=\"1024\" height=\"683\" src=\"http:\/\/int-multi-utleie.sandsdalen.net\/wp-content\/uploads\/2021\/03\/IMG_6903-1024x683.jpg\" alt=\"Stillas p\u00e5 henger\" class=\"wp-image-83\" style=\"width:437px;height:291px\" srcset=\"https:\/\/www.multi-utleie.no\/wp-content\/uploads\/2021\/03\/IMG_6903-1024x683.jpg 1024w, https:\/\/www.multi-utleie.no\/wp-content\/uploads\/2021\/03\/IMG_6903-300x200.jpg 300w, https:\/\/www.multi-utleie.no\/wp-content\/uploads\/2021\/03\/IMG_6903-768x512.jpg 768w, https:\/\/www.multi-utleie.no\/wp-content\/uploads\/2021\/03\/IMG_6903-1536x1024.jpg 1536w, https:\/\/www.multi-utleie.no\/wp-content\/uploads\/2021\/03\/IMG_6903-2048x1365.jpg 2048w, https:\/\/www.multi-utleie.no\/wp-content\/uploads\/2021\/03\/IMG_6903-1568x1045.jpg 1568w\" sizes=\"(max-width: 1024px) 100vw, 1024px\" \/><\/figure><\/div>\n\n\n<ul>\n<li>Superenkel \u00e5 frakte &#8211; hele stillasjen <strong>ligger p\u00e5 en henger<\/strong> som du hekter p\u00e5 bilen.<\/li>\n\n\n\n<li>Superenkel \u00e5 montere og demontere, du rekker opp i 3 etasje med sikker l\u00f8sning.<\/li>\n\n\n\n<li>Du st\u00e5r p\u00e5&nbsp; 4 meters h\u00f8yde, 6 meter med m\u00f8nel\u00f8sning. Stillasen er 12 meter lang&nbsp; (9 meter med m\u00f8nel\u00f8sning). Bredde 0,75 meter.&nbsp;<\/li>\n\n\n\n<li>Med den s\u00e5kalte m\u00f8nel\u00f8sninga n\u00e5r du enda en &#8220;etasje&#8221; h\u00f8yere. Du korter inn til tre lengder, men kan \u00f8ke h\u00f8yden (se bilde under til venstre).<\/li>\n<\/ul>\n\n\n\n<p>For utleie, ta kontakt: <a href=\"mailto:post@multi-utleie.no\">post@multi-utleie.no<\/a>, eller telefon<strong> 97762632<\/strong>.<\/p>\n\n\n\n<p>Uteleipriser (inkl mva) er <strong>2000 for f\u00f8rste uke, og 1700 for p\u00e5f\u00f8lgende uker<\/strong>.<\/p>\n\n\n\n<p><\/p>\n\n\n\n<p>Se ogs\u00e5 <a href=\"\/wp-content\/uploads\/2021\/08\/monteringsanvisning-jumbo.pdf\">monteringsanvisning<\/a>.<\/p>\n\n\n\n<figure class=\"wp-block-gallery has-nested-images columns-default is-cropped wp-block-gallery-1 is-layout-flex wp-block-gallery-is-layout-flex\">\n<figure class=\"wp-block-image size-large\"><img loading=\"lazy\" decoding=\"async\" width=\"1024\" height=\"683\" data-id=\"85\" src=\"https:\/\/www.multi-utleie.no\/wp-content\/uploads\/2021\/03\/IMG_7242-1024x683.jpg\" alt=\"\" class=\"wp-image-85\" srcset=\"https:\/\/www.multi-utleie.no\/wp-content\/uploads\/2021\/03\/IMG_7242-1024x683.jpg 1024w, https:\/\/www.multi-utleie.no\/wp-content\/uploads\/2021\/03\/IMG_7242-300x200.jpg 300w, https:\/\/www.multi-utleie.no\/wp-content\/uploads\/2021\/03\/IMG_7242-768x512.jpg 768w, https:\/\/www.multi-utleie.no\/wp-content\/uploads\/2021\/03\/IMG_7242-1536x1024.jpg 1536w, https:\/\/www.multi-utleie.no\/wp-content\/uploads\/2021\/03\/IMG_7242-2048x1365.jpg 2048w, https:\/\/www.multi-utleie.no\/wp-content\/uploads\/2021\/03\/IMG_7242-1568x1045.jpg 1568w\" sizes=\"(max-width: 1024px) 100vw, 1024px\" \/><\/figure>\n\n\n\n<figure class=\"wp-block-image size-large\"><img loading=\"lazy\" decoding=\"async\" width=\"1024\" height=\"683\" data-id=\"84\" src=\"https:\/\/www.multi-utleie.no\/wp-content\/uploads\/2021\/03\/IMG_6902-1024x683.jpg\" alt=\"\" class=\"wp-image-84\" srcset=\"https:\/\/www.multi-utleie.no\/wp-content\/uploads\/2021\/03\/IMG_6902-1024x683.jpg 1024w, https:\/\/www.multi-utleie.no\/wp-content\/uploads\/2021\/03\/IMG_6902-300x200.jpg 300w, https:\/\/www.multi-utleie.no\/wp-content\/uploads\/2021\/03\/IMG_6902-768x512.jpg 768w, https:\/\/www.multi-utleie.no\/wp-content\/uploads\/2021\/03\/IMG_6902-1536x1024.jpg 1536w, https:\/\/www.multi-utleie.no\/wp-content\/uploads\/2021\/03\/IMG_6902-2048x1365.jpg 2048w, https:\/\/www.multi-utleie.no\/wp-content\/uploads\/2021\/03\/IMG_6902-1568x1045.jpg 1568w\" sizes=\"(max-width: 1024px) 100vw, 1024px\" \/><\/figure>\n<\/figure>\n","protected":false},"excerpt":{"rendered":"<p>multi-utleie.no driver stillasutleie i Troms\u00f8. Stillasen er ferdig stablet p\u00e5 henger, og veldig enkel og sette opp. Skal du jobbe i h\u00f8yden? Male huset, skifte vinduer eller takrenner?&#8211; unng\u00e5 risikoen for \u00e5 falle ned av stigen og lei en superenkel stillas. For utleie, ta kontakt: post@multi-utleie.no, eller telefon 97762632. Uteleipriser (inkl mva) er 2000 for &hellip; <\/p>\n<p class=\"link-more\"><a href=\"https:\/\/www.multi-utleie.no\/\" class=\"more-link\">Continue reading<span class=\"screen-reader-text\"> &#8220;Hjem&#8221;<\/span><\/a><\/p>\n","protected":false},"author":1,"featured_media":0,"parent":0,"menu_order":0,"comment_status":"closed","ping_status":"closed","template":"","meta":{"footnotes":""},"_links":{"self":[{"href":"https:\/\/www.multi-utleie.no\/index.php\/wp-json\/wp\/v2\/pages\/15"}],"collection":[{"href":"https:\/\/www.multi-utleie.no\/index.php\/wp-json\/wp\/v2\/pages"}],"about":[{"href":"https:\/\/www.multi-utleie.no\/index.php\/wp-json\/wp\/v2\/types\/page"}],"author":[{"embeddable":true,"href":"https:\/\/www.multi-utleie.no\/index.php\/wp-json\/wp\/v2\/users\/1"}],"replies":[{"embeddable":true,"href":"https:\/\/www.multi-utleie.no\/index.php\/wp-json\/wp\/v2\/comments?post=15"}],"version-history":[{"count":9,"href":"https:\/\/www.multi-utleie.no\/index.php\/wp-json\/wp\/v2\/pages\/15\/revisions"}],"predecessor-version":[{"id":112,"href":"https:\/\/www.multi-utleie.no\/index.php\/wp-json\/wp\/v2\/pages\/15\/revisions\/112"}],"wp:attachment":[{"href":"https:\/\/www.multi-utleie.no\/index.php\/wp-json\/wp\/v2\/media?parent=15"}],"curies":[{"name":"wp","href":"https:\/\/api.w.org\/{rel}","templated":true}]}}